{"id":4380,"date":"2025-12-29T15:45:03","date_gmt":"2025-12-29T14:45:03","guid":{"rendered":"https:\/\/www.lafruitiere.com\/?page_id=4380"},"modified":"2026-01-07T14:30:09","modified_gmt":"2026-01-07T13:30:09","slug":"red-heart-cocktail","status":"publish","type":"page","link":"https:\/\/www.lafruitiere.com\/de\/red-heart-cocktail\/","title":{"rendered":"Red heart cocktail"},"content":{"rendered":"\n<div class=\"wp-block-columns is-layout-flex wp-container-core-columns-is-layout-9d6595d7 wp-block-columns-is-layout-flex\">\n<div class=\"wp-block-column is-layout-flow wp-block-column-is-layout-flow\">\n<p>Zum Valentinstag teilt Pierre BOUERI sein Rezept f\u00fcr den <strong>Red Heart Cocktail <\/strong>mit Ihnen, zubereitet mit <strong>100 % Erdbeerp\u00fcree.<\/strong><br><br>F\u00fcllen Sie das Formular rechts aus, um das Rezept zu erhalten.<\/p>\n\n\n\n<figure class=\"wp-block-image size-large\"><img decoding=\"async\" width=\"1024\" height=\"768\" src=\"https:\/\/www.lafruitiere.com\/wp-content\/uploads\/2025\/12\/Red-heart-Kirsch-edited-1024x768.jpg\" alt=\"\" class=\"wp-image-4353\" srcset=\"https:\/\/www.lafruitiere.com\/wp-content\/uploads\/2025\/12\/Red-heart-Kirsch-edited-1024x768.jpg 1024w, https:\/\/www.lafruitiere.com\/wp-content\/uploads\/2025\/12\/Red-heart-Kirsch-edited-300x225.jpg 300w, https:\/\/www.lafruitiere.com\/wp-content\/uploads\/2025\/12\/Red-heart-Kirsch-edited-768x576.jpg 768w, https:\/\/www.lafruitiere.com\/wp-content\/uploads\/2025\/12\/Red-heart-Kirsch-edited-1536x1152.jpg 1536w, https:\/\/www.lafruitiere.com\/wp-content\/uploads\/2025\/12\/Red-heart-Kirsch-edited-2048x1536.jpg 2048w, https:\/\/www.lafruitiere.com\/wp-content\/uploads\/2025\/12\/Red-heart-Kirsch-edited-360x270.jpg 360w, https:\/\/www.lafruitiere.com\/wp-content\/uploads\/2025\/12\/Red-heart-Kirsch-edited-1200x900.jpg 1200w\" sizes=\"(max-width: 1024px) 100vw, 1024px\" \/><\/figure>\n\n\n\n<p><strong>Das Team von La Fruiti\u00e8re steht Ihnen gerne zur Verf\u00fcgung!<\/strong><\/p>\n\n\n\n<p><\/p>\n<\/div>\n\n\n\n<div class=\"wp-block-column is-layout-flow wp-block-column-is-layout-flow\">\n<div><form id=\"plz-form-57906d36-c4cd-453c-9607-252a08d8beaf\"><\/form><script async src=\"https:\/\/brain.plezi.co\/api\/v1\/web_forms\/scripts?content_web_form_id=57906d36-c4cd-453c-9607-252a08d8beaf\"><\/script><\/div>\n<\/div>\n<\/div>\n","protected":false},"excerpt":{"rendered":"<p>Zum Valentinstag teilt Pierre BOUERI sein Rezept f\u00fcr den Red Heart Cocktail mit Ihnen, zubereitet mit 100 % Erdbeerp\u00fcree. F\u00fcllen Sie das Formular rechts aus, um das Rezept zu erhalten. Das Team von La Fruiti\u00e8re steht Ihnen gerne zur Verf\u00fcgung!<\/p>\n","protected":false},"author":7,"featured_media":4353,"parent":0,"menu_order":0,"comment_status":"closed","ping_status":"closed","template":"","meta":{"_acf_changed":false,"footnotes":""},"class_list":["post-4380","page","type-page","status-publish","has-post-thumbnail","hentry"],"acf":[],"yoast_head":"<!-- This site is optimized with the Yoast SEO plugin v27.3 - https:\/\/yoast.com\/product\/yoast-seo-wordpress\/ -->\n<title>Red heart cocktail - La Fruiti\u00e8re du Val Evel<\/title>\n<meta name=\"robots\" content=\"index, follow, max-snippet:-1, max-image-preview:large, max-video-preview:-1\" \/>\n<link rel=\"canonical\" href=\"https:\/\/www.lafruitiere.com\/de\/red-heart-cocktail\/\" \/>\n<meta property=\"og:locale\" content=\"de_DE\" \/>\n<meta property=\"og:type\" content=\"article\" \/>\n<meta property=\"og:title\" content=\"Red heart cocktail - La Fruiti\u00e8re du Val Evel\" \/>\n<meta property=\"og:description\" content=\"Zum Valentinstag teilt Pierre BOUERI sein Rezept f\u00fcr den Red Heart Cocktail mit Ihnen, zubereitet mit 100 % Erdbeerp\u00fcree. F\u00fcllen Sie das Formular rechts aus, um das Rezept zu erhalten. Das Team von La Fruiti\u00e8re steht Ihnen gerne zur Verf\u00fcgung!\" \/>\n<meta property=\"og:url\" content=\"https:\/\/www.lafruitiere.com\/de\/red-heart-cocktail\/\" \/>\n<meta property=\"og:site_name\" content=\"La Fruiti\u00e8re du Val Evel\" \/>\n<meta property=\"article:publisher\" content=\"https:\/\/www.facebook.com\/lafruitiere.du.val.evel\/\" \/>\n<meta property=\"article:modified_time\" content=\"2026-01-07T13:30:09+00:00\" \/>\n<meta property=\"og:image\" content=\"https:\/\/www.lafruitiere.com\/wp-content\/uploads\/2025\/12\/Red-heart-Kirsch-edited-scaled.jpg\" \/>\n\t<meta property=\"og:image:width\" content=\"2560\" \/>\n\t<meta property=\"og:image:height\" content=\"1920\" \/>\n\t<meta property=\"og:image:type\" content=\"image\/jpeg\" \/>\n<meta name=\"twitter:card\" content=\"summary_large_image\" \/>\n<meta name=\"twitter:site\" content=\"@la_fruitiere\" \/>\n<meta name=\"twitter:label1\" content=\"Gesch\u00e4tzte Lesezeit\" \/>\n\t<meta name=\"twitter:data1\" content=\"1\u00a0Minute\" \/>\n<script type=\"application\/ld+json\" class=\"yoast-schema-graph\">{\"@context\":\"https:\\\/\\\/schema.org\",\"@graph\":[{\"@type\":\"WebPage\",\"@id\":\"https:\\\/\\\/www.lafruitiere.com\\\/de\\\/red-heart-cocktail\\\/\",\"url\":\"https:\\\/\\\/www.lafruitiere.com\\\/de\\\/red-heart-cocktail\\\/\",\"name\":\"Red heart cocktail - La Fruiti\u00e8re du Val Evel\",\"isPartOf\":{\"@id\":\"https:\\\/\\\/www.lafruitiere.com\\\/de\\\/#website\"},\"primaryImageOfPage\":{\"@id\":\"https:\\\/\\\/www.lafruitiere.com\\\/de\\\/red-heart-cocktail\\\/#primaryimage\"},\"image\":{\"@id\":\"https:\\\/\\\/www.lafruitiere.com\\\/de\\\/red-heart-cocktail\\\/#primaryimage\"},\"thumbnailUrl\":\"https:\\\/\\\/www.lafruitiere.com\\\/wp-content\\\/uploads\\\/2025\\\/12\\\/Red-heart-Kirsch-edited-scaled.jpg\",\"datePublished\":\"2025-12-29T14:45:03+00:00\",\"dateModified\":\"2026-01-07T13:30:09+00:00\",\"breadcrumb\":{\"@id\":\"https:\\\/\\\/www.lafruitiere.com\\\/de\\\/red-heart-cocktail\\\/#breadcrumb\"},\"inLanguage\":\"de\",\"potentialAction\":[{\"@type\":\"ReadAction\",\"target\":[\"https:\\\/\\\/www.lafruitiere.com\\\/de\\\/red-heart-cocktail\\\/\"]}]},{\"@type\":\"ImageObject\",\"inLanguage\":\"de\",\"@id\":\"https:\\\/\\\/www.lafruitiere.com\\\/de\\\/red-heart-cocktail\\\/#primaryimage\",\"url\":\"https:\\\/\\\/www.lafruitiere.com\\\/wp-content\\\/uploads\\\/2025\\\/12\\\/Red-heart-Kirsch-edited-scaled.jpg\",\"contentUrl\":\"https:\\\/\\\/www.lafruitiere.com\\\/wp-content\\\/uploads\\\/2025\\\/12\\\/Red-heart-Kirsch-edited-scaled.jpg\",\"width\":2560,\"height\":1920,\"caption\":\"Red heart cocktail La Fruiti\u00e8re du Val Evel\"},{\"@type\":\"BreadcrumbList\",\"@id\":\"https:\\\/\\\/www.lafruitiere.com\\\/de\\\/red-heart-cocktail\\\/#breadcrumb\",\"itemListElement\":[{\"@type\":\"ListItem\",\"position\":1,\"name\":\"Startseite\",\"item\":\"https:\\\/\\\/www.lafruitiere.com\\\/de\\\/\"},{\"@type\":\"ListItem\",\"position\":2,\"name\":\"Red heart cocktail\"}]},{\"@type\":\"WebSite\",\"@id\":\"https:\\\/\\\/www.lafruitiere.com\\\/de\\\/#website\",\"url\":\"https:\\\/\\\/www.lafruitiere.com\\\/de\\\/\",\"name\":\"La Fruiti\u00e8re du Val Evel\",\"description\":\"Le go\u00fbt, naturellement\",\"publisher\":{\"@id\":\"https:\\\/\\\/www.lafruitiere.com\\\/de\\\/#organization\"},\"potentialAction\":[{\"@type\":\"SearchAction\",\"target\":{\"@type\":\"EntryPoint\",\"urlTemplate\":\"https:\\\/\\\/www.lafruitiere.com\\\/de\\\/?s={search_term_string}\"},\"query-input\":{\"@type\":\"PropertyValueSpecification\",\"valueRequired\":true,\"valueName\":\"search_term_string\"}}],\"inLanguage\":\"de\"},{\"@type\":\"Organization\",\"@id\":\"https:\\\/\\\/www.lafruitiere.com\\\/de\\\/#organization\",\"name\":\"La Fruiti\u00e8re du Val Evel\",\"url\":\"https:\\\/\\\/www.lafruitiere.com\\\/de\\\/\",\"logo\":{\"@type\":\"ImageObject\",\"inLanguage\":\"de\",\"@id\":\"https:\\\/\\\/www.lafruitiere.com\\\/de\\\/#\\\/schema\\\/logo\\\/image\\\/\",\"url\":\"https:\\\/\\\/www.lafruitiere.com\\\/wp-content\\\/uploads\\\/2020\\\/08\\\/logo-lafruitiere-2017.png\",\"contentUrl\":\"https:\\\/\\\/www.lafruitiere.com\\\/wp-content\\\/uploads\\\/2020\\\/08\\\/logo-lafruitiere-2017.png\",\"width\":232,\"height\":138,\"caption\":\"La Fruiti\u00e8re du Val Evel\"},\"image\":{\"@id\":\"https:\\\/\\\/www.lafruitiere.com\\\/de\\\/#\\\/schema\\\/logo\\\/image\\\/\"},\"sameAs\":[\"https:\\\/\\\/www.facebook.com\\\/lafruitiere.du.val.evel\\\/\",\"https:\\\/\\\/x.com\\\/la_fruitiere\",\"https:\\\/\\\/www.instagram.com\\\/la.fruitiere\\\/?hl=fr\",\"https:\\\/\\\/fr.linkedin.com\\\/company\\\/la-fruiti\u00e8re-du-val-evel\",\"https:\\\/\\\/www.pinterest.fr\\\/la_fruitiere\\\/\",\"https:\\\/\\\/www.youtube.com\\\/channel\\\/UCpwUIbz8Dl2cPKTIn8EgSAQ\"]}]}<\/script>\n<!-- \/ Yoast SEO plugin. -->","yoast_head_json":{"title":"Red heart cocktail - La Fruiti\u00e8re du Val Evel","robots":{"index":"index","follow":"follow","max-snippet":"max-snippet:-1","max-image-preview":"max-image-preview:large","max-video-preview":"max-video-preview:-1"},"canonical":"https:\/\/www.lafruitiere.com\/de\/red-heart-cocktail\/","og_locale":"de_DE","og_type":"article","og_title":"Red heart cocktail - La Fruiti\u00e8re du Val Evel","og_description":"Zum Valentinstag teilt Pierre BOUERI sein Rezept f\u00fcr den Red Heart Cocktail mit Ihnen, zubereitet mit 100 % Erdbeerp\u00fcree. F\u00fcllen Sie das Formular rechts aus, um das Rezept zu erhalten. Das Team von La Fruiti\u00e8re steht Ihnen gerne zur Verf\u00fcgung!","og_url":"https:\/\/www.lafruitiere.com\/de\/red-heart-cocktail\/","og_site_name":"La Fruiti\u00e8re du Val Evel","article_publisher":"https:\/\/www.facebook.com\/lafruitiere.du.val.evel\/","article_modified_time":"2026-01-07T13:30:09+00:00","og_image":[{"width":2560,"height":1920,"url":"https:\/\/www.lafruitiere.com\/wp-content\/uploads\/2025\/12\/Red-heart-Kirsch-edited-scaled.jpg","type":"image\/jpeg"}],"twitter_card":"summary_large_image","twitter_site":"@la_fruitiere","twitter_misc":{"Gesch\u00e4tzte Lesezeit":"1\u00a0Minute"},"schema":{"@context":"https:\/\/schema.org","@graph":[{"@type":"WebPage","@id":"https:\/\/www.lafruitiere.com\/de\/red-heart-cocktail\/","url":"https:\/\/www.lafruitiere.com\/de\/red-heart-cocktail\/","name":"Red heart cocktail - La Fruiti\u00e8re du Val Evel","isPartOf":{"@id":"https:\/\/www.lafruitiere.com\/de\/#website"},"primaryImageOfPage":{"@id":"https:\/\/www.lafruitiere.com\/de\/red-heart-cocktail\/#primaryimage"},"image":{"@id":"https:\/\/www.lafruitiere.com\/de\/red-heart-cocktail\/#primaryimage"},"thumbnailUrl":"https:\/\/www.lafruitiere.com\/wp-content\/uploads\/2025\/12\/Red-heart-Kirsch-edited-scaled.jpg","datePublished":"2025-12-29T14:45:03+00:00","dateModified":"2026-01-07T13:30:09+00:00","breadcrumb":{"@id":"https:\/\/www.lafruitiere.com\/de\/red-heart-cocktail\/#breadcrumb"},"inLanguage":"de","potentialAction":[{"@type":"ReadAction","target":["https:\/\/www.lafruitiere.com\/de\/red-heart-cocktail\/"]}]},{"@type":"ImageObject","inLanguage":"de","@id":"https:\/\/www.lafruitiere.com\/de\/red-heart-cocktail\/#primaryimage","url":"https:\/\/www.lafruitiere.com\/wp-content\/uploads\/2025\/12\/Red-heart-Kirsch-edited-scaled.jpg","contentUrl":"https:\/\/www.lafruitiere.com\/wp-content\/uploads\/2025\/12\/Red-heart-Kirsch-edited-scaled.jpg","width":2560,"height":1920,"caption":"Red heart cocktail La Fruiti\u00e8re du Val Evel"},{"@type":"BreadcrumbList","@id":"https:\/\/www.lafruitiere.com\/de\/red-heart-cocktail\/#breadcrumb","itemListElement":[{"@type":"ListItem","position":1,"name":"Startseite","item":"https:\/\/www.lafruitiere.com\/de\/"},{"@type":"ListItem","position":2,"name":"Red heart cocktail"}]},{"@type":"WebSite","@id":"https:\/\/www.lafruitiere.com\/de\/#website","url":"https:\/\/www.lafruitiere.com\/de\/","name":"La Fruiti\u00e8re du Val Evel","description":"Le go\u00fbt, naturellement","publisher":{"@id":"https:\/\/www.lafruitiere.com\/de\/#organization"},"potentialAction":[{"@type":"SearchAction","target":{"@type":"EntryPoint","urlTemplate":"https:\/\/www.lafruitiere.com\/de\/?s={search_term_string}"},"query-input":{"@type":"PropertyValueSpecification","valueRequired":true,"valueName":"search_term_string"}}],"inLanguage":"de"},{"@type":"Organization","@id":"https:\/\/www.lafruitiere.com\/de\/#organization","name":"La Fruiti\u00e8re du Val Evel","url":"https:\/\/www.lafruitiere.com\/de\/","logo":{"@type":"ImageObject","inLanguage":"de","@id":"https:\/\/www.lafruitiere.com\/de\/#\/schema\/logo\/image\/","url":"https:\/\/www.lafruitiere.com\/wp-content\/uploads\/2020\/08\/logo-lafruitiere-2017.png","contentUrl":"https:\/\/www.lafruitiere.com\/wp-content\/uploads\/2020\/08\/logo-lafruitiere-2017.png","width":232,"height":138,"caption":"La Fruiti\u00e8re du Val Evel"},"image":{"@id":"https:\/\/www.lafruitiere.com\/de\/#\/schema\/logo\/image\/"},"sameAs":["https:\/\/www.facebook.com\/lafruitiere.du.val.evel\/","https:\/\/x.com\/la_fruitiere","https:\/\/www.instagram.com\/la.fruitiere\/?hl=fr","https:\/\/fr.linkedin.com\/company\/la-fruiti\u00e8re-du-val-evel","https:\/\/www.pinterest.fr\/la_fruitiere\/","https:\/\/www.youtube.com\/channel\/UCpwUIbz8Dl2cPKTIn8EgSAQ"]}]}},"_links":{"self":[{"href":"https:\/\/www.lafruitiere.com\/de\/wp-json\/wp\/v2\/pages\/4380","targetHints":{"allow":["GET"]}}],"collection":[{"href":"https:\/\/www.lafruitiere.com\/de\/wp-json\/wp\/v2\/pages"}],"about":[{"href":"https:\/\/www.lafruitiere.com\/de\/wp-json\/wp\/v2\/types\/page"}],"author":[{"embeddable":true,"href":"https:\/\/www.lafruitiere.com\/de\/wp-json\/wp\/v2\/users\/7"}],"replies":[{"embeddable":true,"href":"https:\/\/www.lafruitiere.com\/de\/wp-json\/wp\/v2\/comments?post=4380"}],"version-history":[{"count":3,"href":"https:\/\/www.lafruitiere.com\/de\/wp-json\/wp\/v2\/pages\/4380\/revisions"}],"predecessor-version":[{"id":4395,"href":"https:\/\/www.lafruitiere.com\/de\/wp-json\/wp\/v2\/pages\/4380\/revisions\/4395"}],"wp:featuredmedia":[{"embeddable":true,"href":"https:\/\/www.lafruitiere.com\/de\/wp-json\/wp\/v2\/media\/4353"}],"wp:attachment":[{"href":"https:\/\/www.lafruitiere.com\/de\/wp-json\/wp\/v2\/media?parent=4380"}],"curies":[{"name":"wp","href":"https:\/\/api.w.org\/{rel}","templated":true}]}}