{"id":654,"date":"2020-09-16T16:10:27","date_gmt":"2020-09-16T14:10:27","guid":{"rendered":"https:\/\/www.lafruitiere.com\/?page_id=654"},"modified":"2020-10-28T10:56:31","modified_gmt":"2020-10-28T09:56:31","slug":"der-natuerliche-geschmack","status":"publish","type":"page","link":"https:\/\/www.lafruitiere.com\/de\/der-natuerliche-geschmack\/","title":{"rendered":"Der nat\u00fcrliche Geschmack"},"content":{"rendered":"\n<p>Die Suche nach echtem Geschmack von verarbeiteten Fruchtp\u00fcrees am n\u00e4hesten der frischen Fr\u00fcchten und die Beschreibung von einem Aromaprofil f\u00fcr jede sind hier, um auf den ersten Wahlkriterium der Chef-Handwerker zu antworten: Geschmack. Weil die aromatische Unterschrift eines Obstes komplex und einzigartig ist, wird das Aromaprofil von jedem verarbeiteten Frucht den Ausgangspunkt f\u00fcr all Ihre Inspiration und Kreation.<\/p>\n\n<h3 class=\"has-rouge-color has-text-color wp-block-heading\">Sehnsucht nach <strong>Geschmack<\/strong><\/h3>\n\n<div class=\"wp-block-group is-layout-flow wp-block-group-is-layout-flow\"><div class=\"wp-block-group__inner-container\"><\/div><\/div>\n\n<div class=\"wp-block-columns is-layout-flex wp-container-core-columns-is-layout-9d6595d7 wp-block-columns-is-layout-flex\">\n<div class=\"wp-block-column is-layout-flow wp-block-column-is-layout-flow\" style=\"flex-basis:65.2%\">\n<p>R&amp;D-, Produktions-, Marketings- und Gesch\u00e4ftsteam behalten unweigerlich ein h\u00f6heres Anforderungsniveau, um gesunde, sichere und qualitativ gleiche Produkte zu erzeugen. Bei der verarbeitung der Fruchtp\u00fcrees suchen wir nach dem echten Geschmack so nah wie m\u00f6glich am frischen Obst und nach der Bezeichnung des Aromaprofils f\u00fcr jede, da Geschmack eines der Hauptkriteriums f\u00fcr die Chef-Handwerkers. <\/p>\n\n\n\n<p>Dank der Arbeit von dem aus der \u00d6nologieuniversit\u00e4t diplomierten Fachverkoster (DUAD, Bordeaux 1999) Armel Bureau wird die Geschmacksstruktur der Fr\u00fcchten durch jedes Aromaprofil gekennzeichnet, damit der globale Eindruck \u00fcber die aromatischen Kr\u00e4fte und Andauer dargestellt wird und auch mit zwei W\u00f6rtern zusammengefasst. Ziel ist auch, Ihnen \u201eeine genaue Idee des Geschmacks zu geben, bevor Sie verkostet haben\u201c, als Ausgangspunkt f\u00fcr jegliche Inspiration\u2026 Dann haben Sie die Wahl zwischen zwei technischen L\u00f6sungen, TK oder Gek\u00fchlt HP, die an Ihre neue Verwendungen und Organisation perfekt angepasst sind, um Sie v\u00f6llig bei jeden von Ihren Kreationen zu begleiten, und zwar ohne Kompromiss beim Geschmack.<\/p>\n<\/div>\n\n\n\n<div class=\"wp-block-column is-layout-flow wp-block-column-is-layout-flow\">\n<figure class=\"wp-block-image size-large is-resized leaf-right\"><img decoding=\"async\" src=\"https:\/\/www.lafruitiere.com\/wp-content\/uploads\/2020\/10\/Visuel-Degustation-1024x910.jpg\" alt=\"\" class=\"wp-image-1386\" width=\"461\" height=\"413\"\/><\/figure><\/div>\n<\/div>\n","protected":false},"excerpt":{"rendered":"<p>Die Suche nach echtem Geschmack von verarbeiteten Fruchtp\u00fcrees am n\u00e4hesten der frischen Fr\u00fcchten und die Beschreibung von einem Aromaprofil f\u00fcr jede sind hier, um auf den ersten Wahlkriterium der Chef-Handwerker zu antworten: Geschmack. Weil die aromatische Unterschrift eines Obstes komplex und einzigartig ist, wird das Aromaprofil von jedem verarbeiteten Frucht den Ausgangspunkt f\u00fcr all Ihre&hellip;<\/p>\n","protected":false},"author":1,"featured_media":0,"parent":0,"menu_order":0,"comment_status":"closed","ping_status":"closed","template":"","meta":{"_acf_changed":false,"footnotes":""},"class_list":["post-654","page","type-page","status-publish","hentry"],"acf":[],"yoast_head":"<!-- This site is optimized with the Yoast SEO plugin v27.3 - https:\/\/yoast.com\/product\/yoast-seo-wordpress\/ -->\n<title>Der nat\u00fcrliche Geschmack - La Fruiti\u00e8re du Val Evel<\/title>\n<meta name=\"robots\" content=\"index, follow, max-snippet:-1, max-image-preview:large, max-video-preview:-1\" \/>\n<link rel=\"canonical\" href=\"https:\/\/www.lafruitiere.com\/de\/der-natuerliche-geschmack\/\" \/>\n<meta property=\"og:locale\" content=\"de_DE\" \/>\n<meta property=\"og:type\" content=\"article\" \/>\n<meta property=\"og:title\" content=\"Der nat\u00fcrliche Geschmack - La Fruiti\u00e8re du Val Evel\" \/>\n<meta property=\"og:description\" content=\"Die Suche nach echtem Geschmack von verarbeiteten Fruchtp\u00fcrees am n\u00e4hesten der frischen Fr\u00fcchten und die Beschreibung von einem Aromaprofil f\u00fcr jede sind hier, um auf den ersten Wahlkriterium der Chef-Handwerker zu antworten: Geschmack. Weil die aromatische Unterschrift eines Obstes komplex und einzigartig ist, wird das Aromaprofil von jedem verarbeiteten Frucht den Ausgangspunkt f\u00fcr all Ihre&hellip;\" \/>\n<meta property=\"og:url\" content=\"https:\/\/www.lafruitiere.com\/de\/der-natuerliche-geschmack\/\" \/>\n<meta property=\"og:site_name\" content=\"La Fruiti\u00e8re du Val Evel\" \/>\n<meta property=\"article:publisher\" content=\"https:\/\/www.facebook.com\/lafruitiere.du.val.evel\/\" \/>\n<meta property=\"article:modified_time\" content=\"2020-10-28T09:56:31+00:00\" \/>\n<meta property=\"og:image\" content=\"https:\/\/www.lafruitiere.com\/wp-content\/uploads\/2020\/10\/Visuel-Degustation-1024x910.jpg\" \/>\n<meta name=\"twitter:card\" content=\"summary_large_image\" \/>\n<meta name=\"twitter:site\" content=\"@la_fruitiere\" \/>\n<meta name=\"twitter:label1\" content=\"Gesch\u00e4tzte Lesezeit\" \/>\n\t<meta name=\"twitter:data1\" content=\"1\u00a0Minute\" \/>\n<script type=\"application\/ld+json\" class=\"yoast-schema-graph\">{\"@context\":\"https:\\\/\\\/schema.org\",\"@graph\":[{\"@type\":\"WebPage\",\"@id\":\"https:\\\/\\\/www.lafruitiere.com\\\/de\\\/der-natuerliche-geschmack\\\/\",\"url\":\"https:\\\/\\\/www.lafruitiere.com\\\/de\\\/der-natuerliche-geschmack\\\/\",\"name\":\"Der nat\u00fcrliche Geschmack - La Fruiti\u00e8re du Val Evel\",\"isPartOf\":{\"@id\":\"https:\\\/\\\/www.lafruitiere.com\\\/de\\\/#website\"},\"primaryImageOfPage\":{\"@id\":\"https:\\\/\\\/www.lafruitiere.com\\\/de\\\/der-natuerliche-geschmack\\\/#primaryimage\"},\"image\":{\"@id\":\"https:\\\/\\\/www.lafruitiere.com\\\/de\\\/der-natuerliche-geschmack\\\/#primaryimage\"},\"thumbnailUrl\":\"https:\\\/\\\/www.lafruitiere.com\\\/wp-content\\\/uploads\\\/2020\\\/10\\\/Visuel-Degustation-1024x910.jpg\",\"datePublished\":\"2020-09-16T14:10:27+00:00\",\"dateModified\":\"2020-10-28T09:56:31+00:00\",\"breadcrumb\":{\"@id\":\"https:\\\/\\\/www.lafruitiere.com\\\/de\\\/der-natuerliche-geschmack\\\/#breadcrumb\"},\"inLanguage\":\"de\",\"potentialAction\":[{\"@type\":\"ReadAction\",\"target\":[\"https:\\\/\\\/www.lafruitiere.com\\\/de\\\/der-natuerliche-geschmack\\\/\"]}]},{\"@type\":\"ImageObject\",\"inLanguage\":\"de\",\"@id\":\"https:\\\/\\\/www.lafruitiere.com\\\/de\\\/der-natuerliche-geschmack\\\/#primaryimage\",\"url\":\"https:\\\/\\\/www.lafruitiere.com\\\/wp-content\\\/uploads\\\/2020\\\/10\\\/Visuel-Degustation-1024x910.jpg\",\"contentUrl\":\"https:\\\/\\\/www.lafruitiere.com\\\/wp-content\\\/uploads\\\/2020\\\/10\\\/Visuel-Degustation-1024x910.jpg\"},{\"@type\":\"BreadcrumbList\",\"@id\":\"https:\\\/\\\/www.lafruitiere.com\\\/de\\\/der-natuerliche-geschmack\\\/#breadcrumb\",\"itemListElement\":[{\"@type\":\"ListItem\",\"position\":1,\"name\":\"Startseite\",\"item\":\"https:\\\/\\\/www.lafruitiere.com\\\/de\\\/\"},{\"@type\":\"ListItem\",\"position\":2,\"name\":\"Der nat\u00fcrliche Geschmack\"}]},{\"@type\":\"WebSite\",\"@id\":\"https:\\\/\\\/www.lafruitiere.com\\\/de\\\/#website\",\"url\":\"https:\\\/\\\/www.lafruitiere.com\\\/de\\\/\",\"name\":\"La Fruiti\u00e8re du Val Evel\",\"description\":\"Le go\u00fbt, naturellement\",\"publisher\":{\"@id\":\"https:\\\/\\\/www.lafruitiere.com\\\/de\\\/#organization\"},\"potentialAction\":[{\"@type\":\"SearchAction\",\"target\":{\"@type\":\"EntryPoint\",\"urlTemplate\":\"https:\\\/\\\/www.lafruitiere.com\\\/de\\\/?s={search_term_string}\"},\"query-input\":{\"@type\":\"PropertyValueSpecification\",\"valueRequired\":true,\"valueName\":\"search_term_string\"}}],\"inLanguage\":\"de\"},{\"@type\":\"Organization\",\"@id\":\"https:\\\/\\\/www.lafruitiere.com\\\/de\\\/#organization\",\"name\":\"La Fruiti\u00e8re du Val Evel\",\"url\":\"https:\\\/\\\/www.lafruitiere.com\\\/de\\\/\",\"logo\":{\"@type\":\"ImageObject\",\"inLanguage\":\"de\",\"@id\":\"https:\\\/\\\/www.lafruitiere.com\\\/de\\\/#\\\/schema\\\/logo\\\/image\\\/\",\"url\":\"https:\\\/\\\/www.lafruitiere.com\\\/wp-content\\\/uploads\\\/2020\\\/08\\\/logo-lafruitiere-2017.png\",\"contentUrl\":\"https:\\\/\\\/www.lafruitiere.com\\\/wp-content\\\/uploads\\\/2020\\\/08\\\/logo-lafruitiere-2017.png\",\"width\":232,\"height\":138,\"caption\":\"La Fruiti\u00e8re du Val Evel\"},\"image\":{\"@id\":\"https:\\\/\\\/www.lafruitiere.com\\\/de\\\/#\\\/schema\\\/logo\\\/image\\\/\"},\"sameAs\":[\"https:\\\/\\\/www.facebook.com\\\/lafruitiere.du.val.evel\\\/\",\"https:\\\/\\\/x.com\\\/la_fruitiere\",\"https:\\\/\\\/www.instagram.com\\\/la.fruitiere\\\/?hl=fr\",\"https:\\\/\\\/fr.linkedin.com\\\/company\\\/la-fruiti\u00e8re-du-val-evel\",\"https:\\\/\\\/www.pinterest.fr\\\/la_fruitiere\\\/\",\"https:\\\/\\\/www.youtube.com\\\/channel\\\/UCpwUIbz8Dl2cPKTIn8EgSAQ\"]}]}<\/script>\n<!-- \/ Yoast SEO plugin. -->","yoast_head_json":{"title":"Der nat\u00fcrliche Geschmack - La Fruiti\u00e8re du Val Evel","robots":{"index":"index","follow":"follow","max-snippet":"max-snippet:-1","max-image-preview":"max-image-preview:large","max-video-preview":"max-video-preview:-1"},"canonical":"https:\/\/www.lafruitiere.com\/de\/der-natuerliche-geschmack\/","og_locale":"de_DE","og_type":"article","og_title":"Der nat\u00fcrliche Geschmack - La Fruiti\u00e8re du Val Evel","og_description":"Die Suche nach echtem Geschmack von verarbeiteten Fruchtp\u00fcrees am n\u00e4hesten der frischen Fr\u00fcchten und die Beschreibung von einem Aromaprofil f\u00fcr jede sind hier, um auf den ersten Wahlkriterium der Chef-Handwerker zu antworten: Geschmack. Weil die aromatische Unterschrift eines Obstes komplex und einzigartig ist, wird das Aromaprofil von jedem verarbeiteten Frucht den Ausgangspunkt f\u00fcr all Ihre&hellip;","og_url":"https:\/\/www.lafruitiere.com\/de\/der-natuerliche-geschmack\/","og_site_name":"La Fruiti\u00e8re du Val Evel","article_publisher":"https:\/\/www.facebook.com\/lafruitiere.du.val.evel\/","article_modified_time":"2020-10-28T09:56:31+00:00","og_image":[{"url":"https:\/\/www.lafruitiere.com\/wp-content\/uploads\/2020\/10\/Visuel-Degustation-1024x910.jpg","type":"","width":"","height":""}],"twitter_card":"summary_large_image","twitter_site":"@la_fruitiere","twitter_misc":{"Gesch\u00e4tzte Lesezeit":"1\u00a0Minute"},"schema":{"@context":"https:\/\/schema.org","@graph":[{"@type":"WebPage","@id":"https:\/\/www.lafruitiere.com\/de\/der-natuerliche-geschmack\/","url":"https:\/\/www.lafruitiere.com\/de\/der-natuerliche-geschmack\/","name":"Der nat\u00fcrliche Geschmack - La Fruiti\u00e8re du Val Evel","isPartOf":{"@id":"https:\/\/www.lafruitiere.com\/de\/#website"},"primaryImageOfPage":{"@id":"https:\/\/www.lafruitiere.com\/de\/der-natuerliche-geschmack\/#primaryimage"},"image":{"@id":"https:\/\/www.lafruitiere.com\/de\/der-natuerliche-geschmack\/#primaryimage"},"thumbnailUrl":"https:\/\/www.lafruitiere.com\/wp-content\/uploads\/2020\/10\/Visuel-Degustation-1024x910.jpg","datePublished":"2020-09-16T14:10:27+00:00","dateModified":"2020-10-28T09:56:31+00:00","breadcrumb":{"@id":"https:\/\/www.lafruitiere.com\/de\/der-natuerliche-geschmack\/#breadcrumb"},"inLanguage":"de","potentialAction":[{"@type":"ReadAction","target":["https:\/\/www.lafruitiere.com\/de\/der-natuerliche-geschmack\/"]}]},{"@type":"ImageObject","inLanguage":"de","@id":"https:\/\/www.lafruitiere.com\/de\/der-natuerliche-geschmack\/#primaryimage","url":"https:\/\/www.lafruitiere.com\/wp-content\/uploads\/2020\/10\/Visuel-Degustation-1024x910.jpg","contentUrl":"https:\/\/www.lafruitiere.com\/wp-content\/uploads\/2020\/10\/Visuel-Degustation-1024x910.jpg"},{"@type":"BreadcrumbList","@id":"https:\/\/www.lafruitiere.com\/de\/der-natuerliche-geschmack\/#breadcrumb","itemListElement":[{"@type":"ListItem","position":1,"name":"Startseite","item":"https:\/\/www.lafruitiere.com\/de\/"},{"@type":"ListItem","position":2,"name":"Der nat\u00fcrliche Geschmack"}]},{"@type":"WebSite","@id":"https:\/\/www.lafruitiere.com\/de\/#website","url":"https:\/\/www.lafruitiere.com\/de\/","name":"La Fruiti\u00e8re du Val Evel","description":"Le go\u00fbt, naturellement","publisher":{"@id":"https:\/\/www.lafruitiere.com\/de\/#organization"},"potentialAction":[{"@type":"SearchAction","target":{"@type":"EntryPoint","urlTemplate":"https:\/\/www.lafruitiere.com\/de\/?s={search_term_string}"},"query-input":{"@type":"PropertyValueSpecification","valueRequired":true,"valueName":"search_term_string"}}],"inLanguage":"de"},{"@type":"Organization","@id":"https:\/\/www.lafruitiere.com\/de\/#organization","name":"La Fruiti\u00e8re du Val Evel","url":"https:\/\/www.lafruitiere.com\/de\/","logo":{"@type":"ImageObject","inLanguage":"de","@id":"https:\/\/www.lafruitiere.com\/de\/#\/schema\/logo\/image\/","url":"https:\/\/www.lafruitiere.com\/wp-content\/uploads\/2020\/08\/logo-lafruitiere-2017.png","contentUrl":"https:\/\/www.lafruitiere.com\/wp-content\/uploads\/2020\/08\/logo-lafruitiere-2017.png","width":232,"height":138,"caption":"La Fruiti\u00e8re du Val Evel"},"image":{"@id":"https:\/\/www.lafruitiere.com\/de\/#\/schema\/logo\/image\/"},"sameAs":["https:\/\/www.facebook.com\/lafruitiere.du.val.evel\/","https:\/\/x.com\/la_fruitiere","https:\/\/www.instagram.com\/la.fruitiere\/?hl=fr","https:\/\/fr.linkedin.com\/company\/la-fruiti\u00e8re-du-val-evel","https:\/\/www.pinterest.fr\/la_fruitiere\/","https:\/\/www.youtube.com\/channel\/UCpwUIbz8Dl2cPKTIn8EgSAQ"]}]}},"_links":{"self":[{"href":"https:\/\/www.lafruitiere.com\/de\/wp-json\/wp\/v2\/pages\/654","targetHints":{"allow":["GET"]}}],"collection":[{"href":"https:\/\/www.lafruitiere.com\/de\/wp-json\/wp\/v2\/pages"}],"about":[{"href":"https:\/\/www.lafruitiere.com\/de\/wp-json\/wp\/v2\/types\/page"}],"author":[{"embeddable":true,"href":"https:\/\/www.lafruitiere.com\/de\/wp-json\/wp\/v2\/users\/1"}],"replies":[{"embeddable":true,"href":"https:\/\/www.lafruitiere.com\/de\/wp-json\/wp\/v2\/comments?post=654"}],"version-history":[{"count":4,"href":"https:\/\/www.lafruitiere.com\/de\/wp-json\/wp\/v2\/pages\/654\/revisions"}],"predecessor-version":[{"id":1742,"href":"https:\/\/www.lafruitiere.com\/de\/wp-json\/wp\/v2\/pages\/654\/revisions\/1742"}],"wp:attachment":[{"href":"https:\/\/www.lafruitiere.com\/de\/wp-json\/wp\/v2\/media?parent=654"}],"curies":[{"name":"wp","href":"https:\/\/api.w.org\/{rel}","templated":true}]}}