{"id":661,"date":"2020-09-16T16:46:08","date_gmt":"2020-09-16T14:46:08","guid":{"rendered":"https:\/\/www.lafruitiere.com\/?page_id=661"},"modified":"2020-10-28T10:59:13","modified_gmt":"2020-10-28T09:59:13","slug":"unsere-engagements","status":"publish","type":"page","link":"https:\/\/www.lafruitiere.com\/de\/unsere-engagements\/","title":{"rendered":"Unsere Engagements"},"content":{"rendered":"\n<h2 class=\"has-rouge-color has-text-color has-huge-font-size wp-block-heading\">Qualit\u00e4t<\/h2>\n\n<p>Seit dem Gr\u00fcndungsjahr 1962 ist die Qualit\u00e4t von unseren Fruchtp\u00fcrees immer unser Leitmotiv. Jahr f\u00fcr Jahr veranschaulicht die IFS-Zertifierung h\u00f6chtem Niveau die gute Umsetzung eines Qualit\u00e4tsmanagementsystemes mit stetiger Verbesserung, das mit den wirtschaftlichen und gesellschaftlichen Daten der Firma vereinbar sind. Diese Politik zielt darauf ab, die Vermarktung von gesunden und sicheren Produkten zu garantieren sowie die nachhaltige Leistung mit Beachtung des verschiedenen Regelungen (Hygiene, Etikettierung, R\u00fcckverfolgbarkeit&#8230;) auszubauen.<br\/><strong>Wir streben nach der Zufriedenheit von unseren Kunden, indem wir ihnen erlesene Produkte anbieten. <\/strong><\/p>\n\n<div style=\"height:50px\" aria-hidden=\"true\" class=\"wp-block-spacer\"><\/div>\n\n<h5 class=\"has-text-align-left uppercase has-rouge-color has-text-color wp-block-heading\"><strong>Drei Hauptorientierungen<\/strong> f\u00fchren unsere Handlungen:<\/h5>\n\n<div style=\"height:30px\" aria-hidden=\"true\" class=\"wp-block-spacer\"><\/div>\n\n<div class=\"wp-block-columns alignfull are-vertically-aligned-center is-layout-flex wp-container-core-columns-is-layout-9d6595d7 wp-block-columns-is-layout-flex\">\n<div class=\"wp-block-column is-vertically-aligned-center is-layout-flow wp-block-column-is-layout-flow\" style=\"flex-basis:75%\">\n<h3 class=\"wp-block-heading\">Prozess ans Anforderungsniveau von den Kunden anpassen:<\/h3>\n\n\n\n<p>o <strong>Organoleptischer Vorgang<\/strong>: das Kenntnis \u00fcber den echten Obstgeschmack mit dem richtigen Prozess der den intakten Geschmack und eine Regelm\u00e4ssigkeit der verarbeiteten Fr\u00fcchten wiedergibt, vereinbaren. &#8222;Regelm\u00e4ssigkeit des Purees&#8220;? OK, aber hier sind wir mitte im Prozess. Ich m\u00f6chte \u00fcber den verarbeiteten Obst sprechen.<br\/><br\/>o <strong>Ern\u00e4hrungsprozess<\/strong>: keine Konservierungsmittel, keine Zusatzstoffe, keine Allergen und Verwendung von nat\u00fcrlichem Rohrzucker wenn es n\u00f6tig ist. Forschung und Entwicklung von Produkten mit niedriger Blutzuckerquote, die mit den Anforderungen der Endbenutzer und der Verbauch vereibar sind. ok<br\/><br\/>o <strong>Eine einzige Produktqualit\u00e4t<\/strong>f\u00fcr zwei L\u00f6sungen: Gek\u00fchlt und TK. Forschung und Entwicklung von Verpackungen f\u00fcr verschiedene Anwendungen ohne auf den Qualit\u00e4tsstandard von La Fruiti\u00e8re du Val Evel zu verzichten<br\/><br\/>o Dieses Lastenverzeichnis mit der Aufrechterhaltung von einer <strong>optimalen Dienstleistungsquote<\/strong> vereinbaren.<\/p>\n<\/div>\n\n\n\n<div class=\"wp-block-column is-vertically-aligned-center is-layout-flow wp-block-column-is-layout-flow\" style=\"flex-basis:50%\">\n<figure class=\"wp-block-image size-full is-resized leaf-right\"><img decoding=\"async\" src=\"https:\/\/www.lafruitiere.com\/wp-content\/uploads\/2020\/09\/Test-qualite-Accueil-Item-2-qualite-certifiee.jpg\" alt=\"Zertifizierte Qualit&#xE4;t\" class=\"wp-image-300\" width=\"380\" height=\"250\" srcset=\"https:\/\/www.lafruitiere.com\/wp-content\/uploads\/2020\/09\/Test-qualite-Accueil-Item-2-qualite-certifiee.jpg 760w, https:\/\/www.lafruitiere.com\/wp-content\/uploads\/2020\/09\/Test-qualite-Accueil-Item-2-qualite-certifiee-300x197.jpg 300w\" sizes=\"(max-width: 380px) 100vw, 380px\" \/><\/figure>\n\n\n<p><\/p>\n<\/div>\n<\/div>\n\n<div style=\"height:50px\" aria-hidden=\"true\" class=\"wp-block-spacer\"><\/div>\n\n<div class=\"wp-block-columns alignfull are-vertically-aligned-top is-layout-flex wp-container-core-columns-is-layout-9d6595d7 wp-block-columns-is-layout-flex\">\n<div class=\"wp-block-column is-vertically-aligned-top is-layout-flow wp-block-column-is-layout-flow\" style=\"flex-basis:33.33%\">\n<figure class=\"wp-block-image size-large is-resized leaf-left\"><img decoding=\"async\" src=\"https:\/\/www.lafruitiere.com\/wp-content\/uploads\/2020\/09\/FG-Inde-Nos-metiers-Sourcing-1024x768.jpg\" alt=\"Sourcing Mangue Alphonso Inde\" class=\"wp-image-318\" width=\"768\" height=\"576\" srcset=\"https:\/\/www.lafruitiere.com\/wp-content\/uploads\/2020\/09\/FG-Inde-Nos-metiers-Sourcing-1024x768.jpg 1024w, https:\/\/www.lafruitiere.com\/wp-content\/uploads\/2020\/09\/FG-Inde-Nos-metiers-Sourcing-300x225.jpg 300w, https:\/\/www.lafruitiere.com\/wp-content\/uploads\/2020\/09\/FG-Inde-Nos-metiers-Sourcing-768x576.jpg 768w, https:\/\/www.lafruitiere.com\/wp-content\/uploads\/2020\/09\/FG-Inde-Nos-metiers-Sourcing-1536x1152.jpg 1536w, https:\/\/www.lafruitiere.com\/wp-content\/uploads\/2020\/09\/FG-Inde-Nos-metiers-Sourcing-2048x1536.jpg 2048w, https:\/\/www.lafruitiere.com\/wp-content\/uploads\/2020\/09\/FG-Inde-Nos-metiers-Sourcing-360x270.jpg 360w, https:\/\/www.lafruitiere.com\/wp-content\/uploads\/2020\/09\/FG-Inde-Nos-metiers-Sourcing-1200x900.jpg 1200w\" sizes=\"(max-width: 768px) 100vw, 768px\" \/><\/figure><\/div>\n\n\n\n<div class=\"wp-block-column is-vertically-aligned-top is-layout-flow wp-block-column-is-layout-flow\" style=\"flex-basis:66.66%\">\n<h3 class=\"has-large-font-size wp-block-heading\">unsere Partner ins Einkaufen verwickeln<\/h3>\n\n\n\n<p>o uns die Partnerproduzenten und Lieferanten auf die Dauer <strong>aussuchen<\/strong>, um mehr Qualit\u00e4t und Sicherheit<br\/>o Versorgungskan\u00e4len von hochwertigen Fr\u00fcchten identifizieren, besuchen und <strong>kontrollieren<\/strong>.<br\/>o Pflichtenhefte \u00fcber Qualit\u00e4ts-, Sicherheits- und R\u00fcckverfolgbarkeits<strong>anforderungen<\/strong> aus der IFS-Zertifizierung formalisieren.<\/p>\n<\/div>\n<\/div>\n\n<div style=\"height:50px\" aria-hidden=\"true\" class=\"wp-block-spacer\"><\/div>\n\n<h3 class=\"wp-block-heading\">die Frage rund um die Nachhaltigkeit am Besten durch die \u00dcberwachung der Verwendung von unseren Rohstoffen in Betracht nehmen<\/h3>\n\n<p>o das Personal in diese Fragen bei allen Stufen der Entwicklung verwickeln.<br\/>o Produktm\u00fcll reduzieren, indem Rohstoffs- und Verpackungsanwendungen optimiert werden.<br\/>o M\u00fcll wiederverwerten und je nach Sorte aussortieren: Karton, Papier, Kunststoff, organische Abf\u00e4lle <br\/>o Ableitung in Gew\u00e4sser dank des Anschlusses des Betriebes an seiner eigenen Kl\u00e4rlagune beherrschen, um mit den Konzentrationen besser umzugehen<\/p>\n\n<div style=\"height:50px\" aria-hidden=\"true\" class=\"wp-block-spacer\"><\/div>\n\n<hr class=\"wp-block-separator has-text-color has-background has-cyan-bluish-gray-background-color has-cyan-bluish-gray-color is-style-wide\"\/>\n\n<div style=\"height:50px\" aria-hidden=\"true\" class=\"wp-block-spacer\"><\/div>\n\n<h2 class=\"has-rouge-color has-text-color has-huge-font-size wp-block-heading\" id=\"innovation\">Innovation<\/h2>\n\n<p>Seit 1997 setzt la Fruiti\u00e8re duVal Evel immer wieder ihre Innovation an ihrem Arbeitswerkzeug fort, und zwar die Prozesse der Obstverarbeitung und Behandlung. Vor Kurzem wurde diese stetige Suche nach dem Besten durch die Entscheidung der Kaltbehandlung durch ein Hochdruckverfahren veranschaulicht. Sehr leistungsstarkes und einzigartiges Prozess auf dem Markt besteht er darin, was am Besten zur Aufbewahrung der Eigenschaften eines verarbeiteten Obstes ist. Innovation betrifft auch die Sortenauswahl in den Obstwiesen. Nach der Taybeere erweist sich der Anbau von 100% franz\u00f6sischen Himbeeren Meco-Sorte als erneurtes Beispiel von unserem Unterscheidungswillen. All diese Arbeit tragen zur Entwicklung von unserem Kerngesch\u00e4ft sowie von unserem Sortiment an nat\u00fcrlichen Fruchtp\u00fcres und coulis, welche im Geschmack, in der Qualit\u00e4t und im Vielfalt ausgezeichnet sind, bei.<\/p>\n\n<h3 class=\"wp-block-heading\">PROZESSinnovation &amp; Isogone Preis<\/h3>\n\n<p><strong>1997<\/strong> : Markteinf\u00fchrung vom ersten Zimmertemperatursortiment an Fruchtp\u00fcrees und Coulis in Doypack-Verpackungen mit Verschl\u00fcssen (Isogone Preis).<br\/><strong>2006<\/strong> : Aufbau von einem neuen Herstellungs- und Lagerungsbetrieb und Einrichtung von einem leistungsstarken ohmschen Pasteurisierungsger\u00e4rt.<\/p>\n\n<h3 class=\"wp-block-heading\">PRODUKTinnovation &amp; SIRHA Grosser Preis.<\/h3>\n\n<div class=\"wp-block-columns is-layout-flex wp-container-core-columns-is-layout-9d6595d7 wp-block-columns-is-layout-flex\">\n<div class=\"wp-block-column is-layout-flow wp-block-column-is-layout-flow\" style=\"flex-basis:75%\">\n<p><strong>2007<\/strong> : &#8222;Minute-Fruchtgelee&#8220;: erste gebrauchsfertige Fruchtzubereitung. Preistr\u00e4ger vom SIRHA Grossen Preis 2007.<br\/><strong>2011<\/strong> : &#8222;Geschmacksperlen&#8220;: TK s\u00fcsse und salzige K\u00fcchenhilfe. SIRHA Innovation Grosser Preis 2011.<br\/><strong>2013<\/strong> : &#8220; Essig von Fr\u00fcchte zu raspeln&#8220;: TK s\u00fcsse und salzige K\u00fcchenhilfe. SIRHA Innovation Grosser Preis 2013<\/p>\n<\/div>\n\n\n\n<div class=\"wp-block-column is-layout-flow wp-block-column-is-layout-flow\" style=\"flex-basis:33.33%\">\n<figure class=\"wp-block-image size-large is-resized\"><img decoding=\"async\" src=\"https:\/\/www.lafruitiere.com\/wp-content\/uploads\/2020\/10\/GrandPrixSirhaInnovation2011.jpg\" alt=\"\" class=\"wp-image-1442\" width=\"125\" height=\"125\" srcset=\"https:\/\/www.lafruitiere.com\/wp-content\/uploads\/2020\/10\/GrandPrixSirhaInnovation2011.jpg 500w, https:\/\/www.lafruitiere.com\/wp-content\/uploads\/2020\/10\/GrandPrixSirhaInnovation2011-300x300.jpg 300w, https:\/\/www.lafruitiere.com\/wp-content\/uploads\/2020\/10\/GrandPrixSirhaInnovation2011-150x150.jpg 150w\" sizes=\"(max-width: 125px) 100vw, 125px\" \/><\/figure><\/div>\n<\/div>\n\n<h3 class=\"wp-block-heading\">HPP-Prozess Innovation<\/h3>\n\n<div class=\"wp-block-columns is-layout-flex wp-container-core-columns-is-layout-9d6595d7 wp-block-columns-is-layout-flex\">\n<div class=\"wp-block-column is-layout-flow wp-block-column-is-layout-flow\" style=\"flex-basis:75%\">\n<div class=\"wp-block-group\"><div class=\"wp-block-group__inner-container is-layout-flow wp-block-group-is-layout-flow\">\n<p><strong>2015<\/strong> : Einf\u00fchrung der &#8222;Taybeere&#8220;. Ausschliesslich auf dem Land von La Fruiti\u00e8re du Val Evel angebautes Obst. <\/p>\n<\/div><\/div>\n\n\n\n<div class=\"wp-block-group\"><div class=\"wp-block-group__inner-container is-layout-flow wp-block-group-is-layout-flow\">\n<p><strong>2016<\/strong> : Einf\u00fchrung des ersten gek\u00fchlten Sotiments an Fruchtp\u00fcrees und Coulis sowie an Dessertsaucen, die durch ein Hochdruckverfahren behandelt und kalt verpackt werden.<\/p>\n<\/div><\/div>\n<\/div>\n\n\n\n<div class=\"wp-block-column is-layout-flow wp-block-column-is-layout-flow\" style=\"flex-basis:33.33%\">\n<figure class=\"wp-block-image size-large is-resized\"><img decoding=\"async\" src=\"https:\/\/www.lafruitiere.com\/wp-content\/uploads\/2020\/09\/Puree-frais-Framboise-de-Ronce-90.jpg\" alt=\"Pur&#xE9;e de Framboise de ronce r&#xE9;frig&#xE9;r&#xE9;e 10% de sucre de canne\" class=\"wp-image-572\" width=\"88\" height=\"129\" srcset=\"https:\/\/www.lafruitiere.com\/wp-content\/uploads\/2020\/09\/Puree-frais-Framboise-de-Ronce-90.jpg 450w, https:\/\/www.lafruitiere.com\/wp-content\/uploads\/2020\/09\/Puree-frais-Framboise-de-Ronce-90-204x300.jpg 204w\" sizes=\"(max-width: 88px) 100vw, 88px\" \/><\/figure><\/div>\n<\/div>\n\n<h3 class=\"wp-block-heading\">Innovation in den OBSTWIESEN<\/h3>\n\n<div class=\"wp-block-columns is-layout-flex wp-container-core-columns-is-layout-9d6595d7 wp-block-columns-is-layout-flex\">\n<div class=\"wp-block-column is-layout-flow wp-block-column-is-layout-flow\" style=\"flex-basis:75%\">\n<p><strong>2018<\/strong> : Einf\u00fchrung des ersten 100% franz\u00f6sischen Himbeerp\u00fcrees: Himbeere M\u00e9co-Sorte aus einer Kreuzung von Meeker und Rose de C\u00f4te d&#8217;Or . Sie wird in unseren Obstwiesen anbegaut und geerntet und in unserem Betrieb raffiniert und durch ein Hochdruckverfahren kaltpasteurisiert. Wenn das Hochdruckverfahren mit dem TK-Prozess verbunden wird, wird die Qualit\u00e4t TK &#8222;ROH&#8220; eines erlangenen Fruchtp\u00fcrees einfach besser auf der organoleptischen Ebene.<\/p>\n<\/div>\n\n\n\n<div class=\"wp-block-column is-layout-flow wp-block-column-is-layout-flow\" style=\"flex-basis:33.33%\">\n<figure class=\"wp-block-image size-large is-resized\"><img decoding=\"async\" src=\"https:\/\/www.lafruitiere.com\/wp-content\/uploads\/2020\/09\/Puree-surgelee-Framboise-du-Val-Evel-93.jpg\" alt=\"Pur&#xE9;e de Framboise du Val Evel surgel&#xE9;e 7% de sucre de canne\" class=\"wp-image-413\" width=\"195\" height=\"130\" srcset=\"https:\/\/www.lafruitiere.com\/wp-content\/uploads\/2020\/09\/Puree-surgelee-Framboise-du-Val-Evel-93.jpg 800w, https:\/\/www.lafruitiere.com\/wp-content\/uploads\/2020\/09\/Puree-surgelee-Framboise-du-Val-Evel-93-300x200.jpg 300w, https:\/\/www.lafruitiere.com\/wp-content\/uploads\/2020\/09\/Puree-surgelee-Framboise-du-Val-Evel-93-768x512.jpg 768w\" sizes=\"(max-width: 195px) 100vw, 195px\" \/><\/figure><\/div>\n<\/div>\n\n<h3 class=\"wp-block-heading\">KERNGESCH\u00c4FT Innovation<\/h3>\n\n<div class=\"wp-block-columns is-layout-flex wp-container-core-columns-is-layout-9d6595d7 wp-block-columns-is-layout-flex\">\n<div class=\"wp-block-column is-layout-flow wp-block-column-is-layout-flow\" style=\"flex-basis:75%\">\n<p><strong>2018-19<\/strong> : Einf\u00fchrung auf 2 Jahren von mehr als 20 Produkten aus dem &#8222;Kerngesch\u00e4ft&#8220; f\u00fcr ein gesamtes Sortiment von 61 Artikeln.<br\/><strong>2020<\/strong> : volles Angebot mit gleicher organoleptischen Qualit\u00e4t mit 2 L\u00f6sungen: TK und gek\u00fchlt.<br\/><strong>2021<\/strong> : &#8222;F\u00fcr jeden Bedarf seine L\u00f6sung&#8220;: Erweiterung des HP gek\u00fchlten Sortiments in verschiedenen Formaten: 1, 5 und 10kg f\u00fcr ein breites und einzigartiges Angebot auf dem Markt.<\/p>\n<\/div>\n\n\n\n<div class=\"wp-block-column is-layout-flow wp-block-column-is-layout-flow\" style=\"flex-basis:33.33%\">\n<figure class=\"wp-block-image size-large is-resized\"><img decoding=\"async\" src=\"https:\/\/www.lafruitiere.com\/wp-content\/uploads\/2020\/09\/Puree-FRAMBOISE-100-Frais-HP-1x10kg.jpg\" alt=\"Pur&#xE9;e de Framboise r&#xE9;frig&#xE9;r&#xE9;e sans sucre ajout&#xE9; multi format\" class=\"wp-image-629\" width=\"174\" height=\"158\" srcset=\"https:\/\/www.lafruitiere.com\/wp-content\/uploads\/2020\/09\/Puree-FRAMBOISE-100-Frais-HP-1x10kg.jpg 800w, https:\/\/www.lafruitiere.com\/wp-content\/uploads\/2020\/09\/Puree-FRAMBOISE-100-Frais-HP-1x10kg-300x273.jpg 300w, https:\/\/www.lafruitiere.com\/wp-content\/uploads\/2020\/09\/Puree-FRAMBOISE-100-Frais-HP-1x10kg-768x699.jpg 768w\" sizes=\"(max-width: 174px) 100vw, 174px\" \/><\/figure><\/div>\n<\/div>\n","protected":false},"excerpt":{"rendered":"<p>Qualit\u00e4t Seit dem Gr\u00fcndungsjahr 1962 ist die Qualit\u00e4t von unseren Fruchtp\u00fcrees immer unser Leitmotiv. Jahr f\u00fcr Jahr veranschaulicht die IFS-Zertifierung h\u00f6chtem Niveau die gute Umsetzung eines Qualit\u00e4tsmanagementsystemes mit stetiger Verbesserung, das mit den wirtschaftlichen und gesellschaftlichen Daten der Firma vereinbar sind. Diese Politik zielt darauf ab, die Vermarktung von gesunden und sicheren Produkten zu garantieren&hellip;<\/p>\n","protected":false},"author":1,"featured_media":0,"parent":0,"menu_order":0,"comment_status":"closed","ping_status":"closed","template":"","meta":{"_acf_changed":false,"footnotes":""},"class_list":["post-661","page","type-page","status-publish","hentry"],"acf":[],"yoast_head":"<!-- This site is optimized with the Yoast SEO plugin v27.4 - https:\/\/yoast.com\/product\/yoast-seo-wordpress\/ -->\n<title>Unsere Engagements - La Fruiti\u00e8re du Val Evel<\/title>\n<meta name=\"robots\" content=\"index, follow, max-snippet:-1, max-image-preview:large, max-video-preview:-1\" \/>\n<link rel=\"canonical\" href=\"https:\/\/www.lafruitiere.com\/de\/unsere-engagements\/\" \/>\n<meta property=\"og:locale\" content=\"de_DE\" \/>\n<meta property=\"og:type\" content=\"article\" \/>\n<meta property=\"og:title\" content=\"Unsere Engagements - La Fruiti\u00e8re du Val Evel\" \/>\n<meta property=\"og:description\" content=\"Qualit\u00e4t Seit dem Gr\u00fcndungsjahr 1962 ist die Qualit\u00e4t von unseren Fruchtp\u00fcrees immer unser Leitmotiv. Jahr f\u00fcr Jahr veranschaulicht die IFS-Zertifierung h\u00f6chtem Niveau die gute Umsetzung eines Qualit\u00e4tsmanagementsystemes mit stetiger Verbesserung, das mit den wirtschaftlichen und gesellschaftlichen Daten der Firma vereinbar sind. Diese Politik zielt darauf ab, die Vermarktung von gesunden und sicheren Produkten zu garantieren&hellip;\" \/>\n<meta property=\"og:url\" content=\"https:\/\/www.lafruitiere.com\/de\/unsere-engagements\/\" \/>\n<meta property=\"og:site_name\" content=\"La Fruiti\u00e8re du Val Evel\" \/>\n<meta property=\"article:publisher\" content=\"https:\/\/www.facebook.com\/lafruitiere.du.val.evel\/\" \/>\n<meta property=\"article:modified_time\" content=\"2020-10-28T09:59:13+00:00\" \/>\n<meta property=\"og:image\" content=\"https:\/\/www.lafruitiere.com\/wp-content\/uploads\/2020\/09\/Test-qualite-Accueil-Item-2-qualite-certifiee.jpg\" \/>\n<meta name=\"twitter:card\" content=\"summary_large_image\" \/>\n<meta name=\"twitter:site\" content=\"@la_fruitiere\" \/>\n<meta name=\"twitter:label1\" content=\"Gesch\u00e4tzte Lesezeit\" \/>\n\t<meta name=\"twitter:data1\" content=\"4\u00a0Minuten\" \/>\n<script type=\"application\/ld+json\" class=\"yoast-schema-graph\">{\"@context\":\"https:\\\/\\\/schema.org\",\"@graph\":[{\"@type\":\"WebPage\",\"@id\":\"https:\\\/\\\/www.lafruitiere.com\\\/de\\\/unsere-engagements\\\/\",\"url\":\"https:\\\/\\\/www.lafruitiere.com\\\/de\\\/unsere-engagements\\\/\",\"name\":\"Unsere Engagements - La Fruiti\u00e8re du Val Evel\",\"isPartOf\":{\"@id\":\"https:\\\/\\\/www.lafruitiere.com\\\/de\\\/#website\"},\"primaryImageOfPage\":{\"@id\":\"https:\\\/\\\/www.lafruitiere.com\\\/de\\\/unsere-engagements\\\/#primaryimage\"},\"image\":{\"@id\":\"https:\\\/\\\/www.lafruitiere.com\\\/de\\\/unsere-engagements\\\/#primaryimage\"},\"thumbnailUrl\":\"https:\\\/\\\/www.lafruitiere.com\\\/wp-content\\\/uploads\\\/2020\\\/09\\\/Test-qualite-Accueil-Item-2-qualite-certifiee.jpg\",\"datePublished\":\"2020-09-16T14:46:08+00:00\",\"dateModified\":\"2020-10-28T09:59:13+00:00\",\"breadcrumb\":{\"@id\":\"https:\\\/\\\/www.lafruitiere.com\\\/de\\\/unsere-engagements\\\/#breadcrumb\"},\"inLanguage\":\"de\",\"potentialAction\":[{\"@type\":\"ReadAction\",\"target\":[\"https:\\\/\\\/www.lafruitiere.com\\\/de\\\/unsere-engagements\\\/\"]}]},{\"@type\":\"ImageObject\",\"inLanguage\":\"de\",\"@id\":\"https:\\\/\\\/www.lafruitiere.com\\\/de\\\/unsere-engagements\\\/#primaryimage\",\"url\":\"https:\\\/\\\/www.lafruitiere.com\\\/wp-content\\\/uploads\\\/2020\\\/09\\\/Test-qualite-Accueil-Item-2-qualite-certifiee.jpg\",\"contentUrl\":\"https:\\\/\\\/www.lafruitiere.com\\\/wp-content\\\/uploads\\\/2020\\\/09\\\/Test-qualite-Accueil-Item-2-qualite-certifiee.jpg\"},{\"@type\":\"BreadcrumbList\",\"@id\":\"https:\\\/\\\/www.lafruitiere.com\\\/de\\\/unsere-engagements\\\/#breadcrumb\",\"itemListElement\":[{\"@type\":\"ListItem\",\"position\":1,\"name\":\"Startseite\",\"item\":\"https:\\\/\\\/www.lafruitiere.com\\\/de\\\/\"},{\"@type\":\"ListItem\",\"position\":2,\"name\":\"Unsere Engagements\"}]},{\"@type\":\"WebSite\",\"@id\":\"https:\\\/\\\/www.lafruitiere.com\\\/de\\\/#website\",\"url\":\"https:\\\/\\\/www.lafruitiere.com\\\/de\\\/\",\"name\":\"La Fruiti\u00e8re du Val Evel\",\"description\":\"Le go\u00fbt, naturellement\",\"publisher\":{\"@id\":\"https:\\\/\\\/www.lafruitiere.com\\\/de\\\/#organization\"},\"potentialAction\":[{\"@type\":\"SearchAction\",\"target\":{\"@type\":\"EntryPoint\",\"urlTemplate\":\"https:\\\/\\\/www.lafruitiere.com\\\/de\\\/?s={search_term_string}\"},\"query-input\":{\"@type\":\"PropertyValueSpecification\",\"valueRequired\":true,\"valueName\":\"search_term_string\"}}],\"inLanguage\":\"de\"},{\"@type\":\"Organization\",\"@id\":\"https:\\\/\\\/www.lafruitiere.com\\\/de\\\/#organization\",\"name\":\"La Fruiti\u00e8re du Val Evel\",\"url\":\"https:\\\/\\\/www.lafruitiere.com\\\/de\\\/\",\"logo\":{\"@type\":\"ImageObject\",\"inLanguage\":\"de\",\"@id\":\"https:\\\/\\\/www.lafruitiere.com\\\/de\\\/#\\\/schema\\\/logo\\\/image\\\/\",\"url\":\"https:\\\/\\\/www.lafruitiere.com\\\/wp-content\\\/uploads\\\/2020\\\/08\\\/logo-lafruitiere-2017.png\",\"contentUrl\":\"https:\\\/\\\/www.lafruitiere.com\\\/wp-content\\\/uploads\\\/2020\\\/08\\\/logo-lafruitiere-2017.png\",\"width\":232,\"height\":138,\"caption\":\"La Fruiti\u00e8re du Val Evel\"},\"image\":{\"@id\":\"https:\\\/\\\/www.lafruitiere.com\\\/de\\\/#\\\/schema\\\/logo\\\/image\\\/\"},\"sameAs\":[\"https:\\\/\\\/www.facebook.com\\\/lafruitiere.du.val.evel\\\/\",\"https:\\\/\\\/x.com\\\/la_fruitiere\",\"https:\\\/\\\/www.instagram.com\\\/la.fruitiere\\\/?hl=fr\",\"https:\\\/\\\/fr.linkedin.com\\\/company\\\/la-fruiti\u00e8re-du-val-evel\",\"https:\\\/\\\/www.pinterest.fr\\\/la_fruitiere\\\/\",\"https:\\\/\\\/www.youtube.com\\\/channel\\\/UCpwUIbz8Dl2cPKTIn8EgSAQ\"]}]}<\/script>\n<!-- \/ Yoast SEO plugin. -->","yoast_head_json":{"title":"Unsere Engagements - La Fruiti\u00e8re du Val Evel","robots":{"index":"index","follow":"follow","max-snippet":"max-snippet:-1","max-image-preview":"max-image-preview:large","max-video-preview":"max-video-preview:-1"},"canonical":"https:\/\/www.lafruitiere.com\/de\/unsere-engagements\/","og_locale":"de_DE","og_type":"article","og_title":"Unsere Engagements - La Fruiti\u00e8re du Val Evel","og_description":"Qualit\u00e4t Seit dem Gr\u00fcndungsjahr 1962 ist die Qualit\u00e4t von unseren Fruchtp\u00fcrees immer unser Leitmotiv. Jahr f\u00fcr Jahr veranschaulicht die IFS-Zertifierung h\u00f6chtem Niveau die gute Umsetzung eines Qualit\u00e4tsmanagementsystemes mit stetiger Verbesserung, das mit den wirtschaftlichen und gesellschaftlichen Daten der Firma vereinbar sind. Diese Politik zielt darauf ab, die Vermarktung von gesunden und sicheren Produkten zu garantieren&hellip;","og_url":"https:\/\/www.lafruitiere.com\/de\/unsere-engagements\/","og_site_name":"La Fruiti\u00e8re du Val Evel","article_publisher":"https:\/\/www.facebook.com\/lafruitiere.du.val.evel\/","article_modified_time":"2020-10-28T09:59:13+00:00","og_image":[{"url":"https:\/\/www.lafruitiere.com\/wp-content\/uploads\/2020\/09\/Test-qualite-Accueil-Item-2-qualite-certifiee.jpg","type":"","width":"","height":""}],"twitter_card":"summary_large_image","twitter_site":"@la_fruitiere","twitter_misc":{"Gesch\u00e4tzte Lesezeit":"4\u00a0Minuten"},"schema":{"@context":"https:\/\/schema.org","@graph":[{"@type":"WebPage","@id":"https:\/\/www.lafruitiere.com\/de\/unsere-engagements\/","url":"https:\/\/www.lafruitiere.com\/de\/unsere-engagements\/","name":"Unsere Engagements - La Fruiti\u00e8re du Val Evel","isPartOf":{"@id":"https:\/\/www.lafruitiere.com\/de\/#website"},"primaryImageOfPage":{"@id":"https:\/\/www.lafruitiere.com\/de\/unsere-engagements\/#primaryimage"},"image":{"@id":"https:\/\/www.lafruitiere.com\/de\/unsere-engagements\/#primaryimage"},"thumbnailUrl":"https:\/\/www.lafruitiere.com\/wp-content\/uploads\/2020\/09\/Test-qualite-Accueil-Item-2-qualite-certifiee.jpg","datePublished":"2020-09-16T14:46:08+00:00","dateModified":"2020-10-28T09:59:13+00:00","breadcrumb":{"@id":"https:\/\/www.lafruitiere.com\/de\/unsere-engagements\/#breadcrumb"},"inLanguage":"de","potentialAction":[{"@type":"ReadAction","target":["https:\/\/www.lafruitiere.com\/de\/unsere-engagements\/"]}]},{"@type":"ImageObject","inLanguage":"de","@id":"https:\/\/www.lafruitiere.com\/de\/unsere-engagements\/#primaryimage","url":"https:\/\/www.lafruitiere.com\/wp-content\/uploads\/2020\/09\/Test-qualite-Accueil-Item-2-qualite-certifiee.jpg","contentUrl":"https:\/\/www.lafruitiere.com\/wp-content\/uploads\/2020\/09\/Test-qualite-Accueil-Item-2-qualite-certifiee.jpg"},{"@type":"BreadcrumbList","@id":"https:\/\/www.lafruitiere.com\/de\/unsere-engagements\/#breadcrumb","itemListElement":[{"@type":"ListItem","position":1,"name":"Startseite","item":"https:\/\/www.lafruitiere.com\/de\/"},{"@type":"ListItem","position":2,"name":"Unsere Engagements"}]},{"@type":"WebSite","@id":"https:\/\/www.lafruitiere.com\/de\/#website","url":"https:\/\/www.lafruitiere.com\/de\/","name":"La Fruiti\u00e8re du Val Evel","description":"Le go\u00fbt, naturellement","publisher":{"@id":"https:\/\/www.lafruitiere.com\/de\/#organization"},"potentialAction":[{"@type":"SearchAction","target":{"@type":"EntryPoint","urlTemplate":"https:\/\/www.lafruitiere.com\/de\/?s={search_term_string}"},"query-input":{"@type":"PropertyValueSpecification","valueRequired":true,"valueName":"search_term_string"}}],"inLanguage":"de"},{"@type":"Organization","@id":"https:\/\/www.lafruitiere.com\/de\/#organization","name":"La Fruiti\u00e8re du Val Evel","url":"https:\/\/www.lafruitiere.com\/de\/","logo":{"@type":"ImageObject","inLanguage":"de","@id":"https:\/\/www.lafruitiere.com\/de\/#\/schema\/logo\/image\/","url":"https:\/\/www.lafruitiere.com\/wp-content\/uploads\/2020\/08\/logo-lafruitiere-2017.png","contentUrl":"https:\/\/www.lafruitiere.com\/wp-content\/uploads\/2020\/08\/logo-lafruitiere-2017.png","width":232,"height":138,"caption":"La Fruiti\u00e8re du Val Evel"},"image":{"@id":"https:\/\/www.lafruitiere.com\/de\/#\/schema\/logo\/image\/"},"sameAs":["https:\/\/www.facebook.com\/lafruitiere.du.val.evel\/","https:\/\/x.com\/la_fruitiere","https:\/\/www.instagram.com\/la.fruitiere\/?hl=fr","https:\/\/fr.linkedin.com\/company\/la-fruiti\u00e8re-du-val-evel","https:\/\/www.pinterest.fr\/la_fruitiere\/","https:\/\/www.youtube.com\/channel\/UCpwUIbz8Dl2cPKTIn8EgSAQ"]}]}},"_links":{"self":[{"href":"https:\/\/www.lafruitiere.com\/de\/wp-json\/wp\/v2\/pages\/661","targetHints":{"allow":["GET"]}}],"collection":[{"href":"https:\/\/www.lafruitiere.com\/de\/wp-json\/wp\/v2\/pages"}],"about":[{"href":"https:\/\/www.lafruitiere.com\/de\/wp-json\/wp\/v2\/types\/page"}],"author":[{"embeddable":true,"href":"https:\/\/www.lafruitiere.com\/de\/wp-json\/wp\/v2\/users\/1"}],"replies":[{"embeddable":true,"href":"https:\/\/www.lafruitiere.com\/de\/wp-json\/wp\/v2\/comments?post=661"}],"version-history":[{"count":9,"href":"https:\/\/www.lafruitiere.com\/de\/wp-json\/wp\/v2\/pages\/661\/revisions"}],"predecessor-version":[{"id":1748,"href":"https:\/\/www.lafruitiere.com\/de\/wp-json\/wp\/v2\/pages\/661\/revisions\/1748"}],"wp:attachment":[{"href":"https:\/\/www.lafruitiere.com\/de\/wp-json\/wp\/v2\/media?parent=661"}],"curies":[{"name":"wp","href":"https:\/\/api.w.org\/{rel}","templated":true}]}}