{"id":670,"date":"2020-09-16T16:57:18","date_gmt":"2020-09-16T14:57:18","guid":{"rendered":"https:\/\/www.lafruitiere.com\/?page_id=670"},"modified":"2020-10-28T10:57:17","modified_gmt":"2020-10-28T09:57:17","slug":"unsere-obstwiesen-unser-beruf","status":"publish","type":"page","link":"https:\/\/www.lafruitiere.com\/de\/unsere-obstwiesen-unser-beruf\/","title":{"rendered":"Unser Beruf, Unsere Obstwiesen"},"content":{"rendered":"\n<h2 class=\"has-rouge-color has-text-color wp-block-heading\">Sinn geben<\/h2>\n\n<div class=\"wp-block-columns is-layout-flex wp-container-core-columns-is-layout-9d6595d7 wp-block-columns-is-layout-flex\">\n<div class=\"wp-block-column is-layout-flow wp-block-column-is-layout-flow\" style=\"flex-basis:60%\">\n<p>Von den Obstwiesen bis in den Produktionsbetrieb hat sich der Beruf von La Fruiti\u00e8re du Val Evel entwickelt, allerdings ohne seinen Ursprung zu verleugnen: Natur, Echtheit, gutes Produkt, was zum Vergn\u00fcgen an Anbauen, Ernten, Verarbeiten und Verkosten f\u00fchrt. Ja, das ist unzweifelhaft das Weg, dem wir folgen m\u00f6chten, indem wir uns auf den Wesentlichen, die Nat\u00fcrlichkeit und Produkte, die nat\u00fcrlich gut sind, konzentrieren, un uns an die Geschmacksanforderungen von unseren Kunden anzupassen. Heutzutage ist die Geschmacksbesessenehit mit unserer Art und Weise zu arbeiten verbunden und von Teams geteilt, die jeder in seinem Beruf die Leidenschaft f\u00fcr gute Arbeit haben<\/p>\n<\/div>\n\n\n\n<div class=\"wp-block-column is-layout-flow wp-block-column-is-layout-flow\" style=\"flex-basis:33.33%\">\n<figure class=\"wp-block-image size-large leaf-right\"><img decoding=\"async\" width=\"792\" height=\"526\" src=\"https:\/\/www.lafruitiere.com\/wp-content\/uploads\/2020\/10\/Groseille-LF-Accueil-Item-1-savoir-faire.jpg\" alt=\"\" class=\"wp-image-1378\" srcset=\"https:\/\/www.lafruitiere.com\/wp-content\/uploads\/2020\/10\/Groseille-LF-Accueil-Item-1-savoir-faire.jpg 792w, https:\/\/www.lafruitiere.com\/wp-content\/uploads\/2020\/10\/Groseille-LF-Accueil-Item-1-savoir-faire-300x199.jpg 300w, https:\/\/www.lafruitiere.com\/wp-content\/uploads\/2020\/10\/Groseille-LF-Accueil-Item-1-savoir-faire-768x510.jpg 768w\" sizes=\"(max-width: 792px) 100vw, 792px\" \/><\/figure><\/div>\n<\/div>\n\n<h2 class=\"has-rouge-color has-text-color wp-block-heading\">Obst ausw\u00e4hlen und verarbeiten &#8230;<\/h2>\n\n<div class=\"wp-block-columns is-layout-flex wp-container-core-columns-is-layout-9d6595d7 wp-block-columns-is-layout-flex\">\n<div class=\"wp-block-column is-layout-flow wp-block-column-is-layout-flow\" style=\"flex-basis:33.33%\">\n<figure class=\"wp-block-image size-large leaf-left\"><img decoding=\"async\" width=\"1024\" height=\"1024\" src=\"https:\/\/www.lafruitiere.com\/wp-content\/uploads\/2020\/10\/Visuel-Selection-Raisin-1024x1024.jpg\" alt=\"\" class=\"wp-image-1398\" srcset=\"https:\/\/www.lafruitiere.com\/wp-content\/uploads\/2020\/10\/Visuel-Selection-Raisin-1024x1024.jpg 1024w, https:\/\/www.lafruitiere.com\/wp-content\/uploads\/2020\/10\/Visuel-Selection-Raisin-300x300.jpg 300w, https:\/\/www.lafruitiere.com\/wp-content\/uploads\/2020\/10\/Visuel-Selection-Raisin-150x150.jpg 150w, https:\/\/www.lafruitiere.com\/wp-content\/uploads\/2020\/10\/Visuel-Selection-Raisin-768x768.jpg 768w, https:\/\/www.lafruitiere.com\/wp-content\/uploads\/2020\/10\/Visuel-Selection-Raisin-1536x1536.jpg 1536w, https:\/\/www.lafruitiere.com\/wp-content\/uploads\/2020\/10\/Visuel-Selection-Raisin-2048x2048.jpg 2048w, https:\/\/www.lafruitiere.com\/wp-content\/uploads\/2020\/10\/Visuel-Selection-Raisin-1200x1200.jpg 1200w\" sizes=\"(max-width: 1024px) 100vw, 1024px\" \/><\/figure><\/div>\n\n\n\n<div class=\"wp-block-column is-layout-flow wp-block-column-is-layout-flow\" style=\"flex-basis:60.5%\">\n<p>Eine der Facette vom Beruf von La Fruiti\u00e8re du Val Evel besteht darin, die besten Terroirs zu suchen sowie direkte Verh\u00e4ltnisse mit den Produzenten aus der ganzen Welt, die wir uns f\u00fcr Ihre Fr\u00fcchte einwandfreier Qualit\u00e4t und Ihr auff\u00e4lliges Terroirs ausgesucht haben, aufzubauen. In diesem Stadium beruht das Gutachten auf der Beschaffung von Rohstoffen je nach Sorte, Ursprung, Reife beim Ernten und Lebensmittelsicherheit. Dieses langfristiges Engagement und das daraus entstandenen Vertrauen ist Ihre Qualit\u00e4tsgarantie. <\/p>\n\n\n\n<p>Ihr Beruf besteht auch darin, Produzenten zu identifizeiren und auszuw\u00e4hlen , die durch ihre eigenen Konw-How f\u00e4hig sind, Qualit\u00e4ten eines Terroirs aufzubewahren, bis wir dann alles f\u00fcr Sie \u00fcbernehmen. Wenn es dann bei der Verarbeitung sein soll, machen wir Verschnitte von Terroirs oder Sorten, um eine aromatische Unterschrift f\u00fcr einen einzigartigen Geschmack zu bilden. Die Unterschfriften &#8222;Selection la Fruiti\u00e8re&#8220; oder &#8222;Origine&#8220; oder &#8222;Vari\u00e9t\u00e9s&#8220; veranschaulichen perfekt diese Arbeit.<\/p>\n<\/div>\n<\/div>\n\n<h2 class=\"has-rouge-color has-text-color wp-block-heading\">&#8230; im Dienst der Geschmackliebhaber.<\/h2>\n\n<div class=\"wp-block-columns is-layout-flex wp-container-core-columns-is-layout-9d6595d7 wp-block-columns-is-layout-flex\">\n<div class=\"wp-block-column is-layout-flow wp-block-column-is-layout-flow\" style=\"flex-basis:85%\">\n<p>Fruchtbeschaffung, -Verarbeitung und -Verschnitte sind Teil des Know-How von La fruiti\u00e8re du Val Evel. Sie konnte sich an den Geschmack der immer anspruchsvolleren Fachleuten anpassen und konnte auch alles tun, um die Geschmacksessenz und die Nat\u00fcrlichkeit aufrechtzuerhalten. <\/p>\n\n\n\n<p>Daraus ergibt sich ein breites Sortiment an erstklassigen TK und gek\u00fchlten Fruchtp\u00fcrees, die von den Geschmacksliebhabern anerkannt ist. Im Dienst unserer Kunden bem\u00fchen wir uns t\u00e4glich, an unserem Know-How und unserer Unterschied festzuhalten.<\/p>\n<\/div>\n\n\n\n<div class=\"wp-block-column is-layout-flow wp-block-column-is-layout-flow\" style=\"flex-basis:33.33%\">\n<figure class=\"wp-block-image size-large is-resized leaf-right\"><img decoding=\"async\" src=\"https:\/\/www.lafruitiere.com\/wp-content\/uploads\/2020\/10\/Glaces-AC-regal-1024x995.jpg\" alt=\"\" class=\"wp-image-1383\" width=\"255\" height=\"248\" srcset=\"https:\/\/www.lafruitiere.com\/wp-content\/uploads\/2020\/10\/Glaces-AC-regal-1024x995.jpg 1024w, https:\/\/www.lafruitiere.com\/wp-content\/uploads\/2020\/10\/Glaces-AC-regal-300x291.jpg 300w, https:\/\/www.lafruitiere.com\/wp-content\/uploads\/2020\/10\/Glaces-AC-regal-768x746.jpg 768w, https:\/\/www.lafruitiere.com\/wp-content\/uploads\/2020\/10\/Glaces-AC-regal-1200x1166.jpg 1200w, https:\/\/www.lafruitiere.com\/wp-content\/uploads\/2020\/10\/Glaces-AC-regal.jpg 1473w\" sizes=\"(max-width: 255px) 100vw, 255px\" \/><\/figure><\/div>\n<\/div>\n","protected":false},"excerpt":{"rendered":"<p>Sinn geben Von den Obstwiesen bis in den Produktionsbetrieb hat sich der Beruf von La Fruiti\u00e8re du Val Evel entwickelt, allerdings ohne seinen Ursprung zu verleugnen: Natur, Echtheit, gutes Produkt, was zum Vergn\u00fcgen an Anbauen, Ernten, Verarbeiten und Verkosten f\u00fchrt. Ja, das ist unzweifelhaft das Weg, dem wir folgen m\u00f6chten, indem wir uns auf den&hellip;<\/p>\n","protected":false},"author":1,"featured_media":0,"parent":0,"menu_order":0,"comment_status":"closed","ping_status":"closed","template":"","meta":{"_acf_changed":false,"footnotes":""},"class_list":["post-670","page","type-page","status-publish","hentry"],"acf":[],"yoast_head":"<!-- This site is optimized with the Yoast SEO plugin v27.3 - https:\/\/yoast.com\/product\/yoast-seo-wordpress\/ -->\n<title>Unser Beruf, Unsere Obstwiesen - La Fruiti\u00e8re du Val Evel<\/title>\n<meta name=\"robots\" content=\"index, follow, max-snippet:-1, max-image-preview:large, max-video-preview:-1\" \/>\n<link rel=\"canonical\" href=\"https:\/\/www.lafruitiere.com\/de\/unsere-obstwiesen-unser-beruf\/\" \/>\n<meta property=\"og:locale\" content=\"de_DE\" \/>\n<meta property=\"og:type\" content=\"article\" \/>\n<meta property=\"og:title\" content=\"Unser Beruf, Unsere Obstwiesen - La Fruiti\u00e8re du Val Evel\" \/>\n<meta property=\"og:description\" content=\"Sinn geben Von den Obstwiesen bis in den Produktionsbetrieb hat sich der Beruf von La Fruiti\u00e8re du Val Evel entwickelt, allerdings ohne seinen Ursprung zu verleugnen: Natur, Echtheit, gutes Produkt, was zum Vergn\u00fcgen an Anbauen, Ernten, Verarbeiten und Verkosten f\u00fchrt. Ja, das ist unzweifelhaft das Weg, dem wir folgen m\u00f6chten, indem wir uns auf den&hellip;\" \/>\n<meta property=\"og:url\" content=\"https:\/\/www.lafruitiere.com\/de\/unsere-obstwiesen-unser-beruf\/\" \/>\n<meta property=\"og:site_name\" content=\"La Fruiti\u00e8re du Val Evel\" \/>\n<meta property=\"article:publisher\" content=\"https:\/\/www.facebook.com\/lafruitiere.du.val.evel\/\" \/>\n<meta property=\"article:modified_time\" content=\"2020-10-28T09:57:17+00:00\" \/>\n<meta property=\"og:image\" content=\"https:\/\/www.lafruitiere.com\/wp-content\/uploads\/2020\/10\/Groseille-LF-Accueil-Item-1-savoir-faire.jpg\" \/>\n<meta name=\"twitter:card\" content=\"summary_large_image\" \/>\n<meta name=\"twitter:site\" content=\"@la_fruitiere\" \/>\n<meta name=\"twitter:label1\" content=\"Gesch\u00e4tzte Lesezeit\" \/>\n\t<meta name=\"twitter:data1\" content=\"2\u00a0Minuten\" \/>\n<script type=\"application\/ld+json\" class=\"yoast-schema-graph\">{\"@context\":\"https:\\\/\\\/schema.org\",\"@graph\":[{\"@type\":\"WebPage\",\"@id\":\"https:\\\/\\\/www.lafruitiere.com\\\/de\\\/unsere-obstwiesen-unser-beruf\\\/\",\"url\":\"https:\\\/\\\/www.lafruitiere.com\\\/de\\\/unsere-obstwiesen-unser-beruf\\\/\",\"name\":\"Unser Beruf, Unsere Obstwiesen - La Fruiti\u00e8re du Val Evel\",\"isPartOf\":{\"@id\":\"https:\\\/\\\/www.lafruitiere.com\\\/de\\\/#website\"},\"primaryImageOfPage\":{\"@id\":\"https:\\\/\\\/www.lafruitiere.com\\\/de\\\/unsere-obstwiesen-unser-beruf\\\/#primaryimage\"},\"image\":{\"@id\":\"https:\\\/\\\/www.lafruitiere.com\\\/de\\\/unsere-obstwiesen-unser-beruf\\\/#primaryimage\"},\"thumbnailUrl\":\"https:\\\/\\\/www.lafruitiere.com\\\/wp-content\\\/uploads\\\/2020\\\/10\\\/Groseille-LF-Accueil-Item-1-savoir-faire.jpg\",\"datePublished\":\"2020-09-16T14:57:18+00:00\",\"dateModified\":\"2020-10-28T09:57:17+00:00\",\"breadcrumb\":{\"@id\":\"https:\\\/\\\/www.lafruitiere.com\\\/de\\\/unsere-obstwiesen-unser-beruf\\\/#breadcrumb\"},\"inLanguage\":\"de\",\"potentialAction\":[{\"@type\":\"ReadAction\",\"target\":[\"https:\\\/\\\/www.lafruitiere.com\\\/de\\\/unsere-obstwiesen-unser-beruf\\\/\"]}]},{\"@type\":\"ImageObject\",\"inLanguage\":\"de\",\"@id\":\"https:\\\/\\\/www.lafruitiere.com\\\/de\\\/unsere-obstwiesen-unser-beruf\\\/#primaryimage\",\"url\":\"https:\\\/\\\/www.lafruitiere.com\\\/wp-content\\\/uploads\\\/2020\\\/10\\\/Groseille-LF-Accueil-Item-1-savoir-faire.jpg\",\"contentUrl\":\"https:\\\/\\\/www.lafruitiere.com\\\/wp-content\\\/uploads\\\/2020\\\/10\\\/Groseille-LF-Accueil-Item-1-savoir-faire.jpg\"},{\"@type\":\"BreadcrumbList\",\"@id\":\"https:\\\/\\\/www.lafruitiere.com\\\/de\\\/unsere-obstwiesen-unser-beruf\\\/#breadcrumb\",\"itemListElement\":[{\"@type\":\"ListItem\",\"position\":1,\"name\":\"Startseite\",\"item\":\"https:\\\/\\\/www.lafruitiere.com\\\/de\\\/\"},{\"@type\":\"ListItem\",\"position\":2,\"name\":\"Unser Beruf, Unsere Obstwiesen\"}]},{\"@type\":\"WebSite\",\"@id\":\"https:\\\/\\\/www.lafruitiere.com\\\/de\\\/#website\",\"url\":\"https:\\\/\\\/www.lafruitiere.com\\\/de\\\/\",\"name\":\"La Fruiti\u00e8re du Val Evel\",\"description\":\"Le go\u00fbt, naturellement\",\"publisher\":{\"@id\":\"https:\\\/\\\/www.lafruitiere.com\\\/de\\\/#organization\"},\"potentialAction\":[{\"@type\":\"SearchAction\",\"target\":{\"@type\":\"EntryPoint\",\"urlTemplate\":\"https:\\\/\\\/www.lafruitiere.com\\\/de\\\/?s={search_term_string}\"},\"query-input\":{\"@type\":\"PropertyValueSpecification\",\"valueRequired\":true,\"valueName\":\"search_term_string\"}}],\"inLanguage\":\"de\"},{\"@type\":\"Organization\",\"@id\":\"https:\\\/\\\/www.lafruitiere.com\\\/de\\\/#organization\",\"name\":\"La Fruiti\u00e8re du Val Evel\",\"url\":\"https:\\\/\\\/www.lafruitiere.com\\\/de\\\/\",\"logo\":{\"@type\":\"ImageObject\",\"inLanguage\":\"de\",\"@id\":\"https:\\\/\\\/www.lafruitiere.com\\\/de\\\/#\\\/schema\\\/logo\\\/image\\\/\",\"url\":\"https:\\\/\\\/www.lafruitiere.com\\\/wp-content\\\/uploads\\\/2020\\\/08\\\/logo-lafruitiere-2017.png\",\"contentUrl\":\"https:\\\/\\\/www.lafruitiere.com\\\/wp-content\\\/uploads\\\/2020\\\/08\\\/logo-lafruitiere-2017.png\",\"width\":232,\"height\":138,\"caption\":\"La Fruiti\u00e8re du Val Evel\"},\"image\":{\"@id\":\"https:\\\/\\\/www.lafruitiere.com\\\/de\\\/#\\\/schema\\\/logo\\\/image\\\/\"},\"sameAs\":[\"https:\\\/\\\/www.facebook.com\\\/lafruitiere.du.val.evel\\\/\",\"https:\\\/\\\/x.com\\\/la_fruitiere\",\"https:\\\/\\\/www.instagram.com\\\/la.fruitiere\\\/?hl=fr\",\"https:\\\/\\\/fr.linkedin.com\\\/company\\\/la-fruiti\u00e8re-du-val-evel\",\"https:\\\/\\\/www.pinterest.fr\\\/la_fruitiere\\\/\",\"https:\\\/\\\/www.youtube.com\\\/channel\\\/UCpwUIbz8Dl2cPKTIn8EgSAQ\"]}]}<\/script>\n<!-- \/ Yoast SEO plugin. -->","yoast_head_json":{"title":"Unser Beruf, Unsere Obstwiesen - La Fruiti\u00e8re du Val Evel","robots":{"index":"index","follow":"follow","max-snippet":"max-snippet:-1","max-image-preview":"max-image-preview:large","max-video-preview":"max-video-preview:-1"},"canonical":"https:\/\/www.lafruitiere.com\/de\/unsere-obstwiesen-unser-beruf\/","og_locale":"de_DE","og_type":"article","og_title":"Unser Beruf, Unsere Obstwiesen - La Fruiti\u00e8re du Val Evel","og_description":"Sinn geben Von den Obstwiesen bis in den Produktionsbetrieb hat sich der Beruf von La Fruiti\u00e8re du Val Evel entwickelt, allerdings ohne seinen Ursprung zu verleugnen: Natur, Echtheit, gutes Produkt, was zum Vergn\u00fcgen an Anbauen, Ernten, Verarbeiten und Verkosten f\u00fchrt. Ja, das ist unzweifelhaft das Weg, dem wir folgen m\u00f6chten, indem wir uns auf den&hellip;","og_url":"https:\/\/www.lafruitiere.com\/de\/unsere-obstwiesen-unser-beruf\/","og_site_name":"La Fruiti\u00e8re du Val Evel","article_publisher":"https:\/\/www.facebook.com\/lafruitiere.du.val.evel\/","article_modified_time":"2020-10-28T09:57:17+00:00","og_image":[{"url":"https:\/\/www.lafruitiere.com\/wp-content\/uploads\/2020\/10\/Groseille-LF-Accueil-Item-1-savoir-faire.jpg","type":"","width":"","height":""}],"twitter_card":"summary_large_image","twitter_site":"@la_fruitiere","twitter_misc":{"Gesch\u00e4tzte Lesezeit":"2\u00a0Minuten"},"schema":{"@context":"https:\/\/schema.org","@graph":[{"@type":"WebPage","@id":"https:\/\/www.lafruitiere.com\/de\/unsere-obstwiesen-unser-beruf\/","url":"https:\/\/www.lafruitiere.com\/de\/unsere-obstwiesen-unser-beruf\/","name":"Unser Beruf, Unsere Obstwiesen - La Fruiti\u00e8re du Val Evel","isPartOf":{"@id":"https:\/\/www.lafruitiere.com\/de\/#website"},"primaryImageOfPage":{"@id":"https:\/\/www.lafruitiere.com\/de\/unsere-obstwiesen-unser-beruf\/#primaryimage"},"image":{"@id":"https:\/\/www.lafruitiere.com\/de\/unsere-obstwiesen-unser-beruf\/#primaryimage"},"thumbnailUrl":"https:\/\/www.lafruitiere.com\/wp-content\/uploads\/2020\/10\/Groseille-LF-Accueil-Item-1-savoir-faire.jpg","datePublished":"2020-09-16T14:57:18+00:00","dateModified":"2020-10-28T09:57:17+00:00","breadcrumb":{"@id":"https:\/\/www.lafruitiere.com\/de\/unsere-obstwiesen-unser-beruf\/#breadcrumb"},"inLanguage":"de","potentialAction":[{"@type":"ReadAction","target":["https:\/\/www.lafruitiere.com\/de\/unsere-obstwiesen-unser-beruf\/"]}]},{"@type":"ImageObject","inLanguage":"de","@id":"https:\/\/www.lafruitiere.com\/de\/unsere-obstwiesen-unser-beruf\/#primaryimage","url":"https:\/\/www.lafruitiere.com\/wp-content\/uploads\/2020\/10\/Groseille-LF-Accueil-Item-1-savoir-faire.jpg","contentUrl":"https:\/\/www.lafruitiere.com\/wp-content\/uploads\/2020\/10\/Groseille-LF-Accueil-Item-1-savoir-faire.jpg"},{"@type":"BreadcrumbList","@id":"https:\/\/www.lafruitiere.com\/de\/unsere-obstwiesen-unser-beruf\/#breadcrumb","itemListElement":[{"@type":"ListItem","position":1,"name":"Startseite","item":"https:\/\/www.lafruitiere.com\/de\/"},{"@type":"ListItem","position":2,"name":"Unser Beruf, Unsere Obstwiesen"}]},{"@type":"WebSite","@id":"https:\/\/www.lafruitiere.com\/de\/#website","url":"https:\/\/www.lafruitiere.com\/de\/","name":"La Fruiti\u00e8re du Val Evel","description":"Le go\u00fbt, naturellement","publisher":{"@id":"https:\/\/www.lafruitiere.com\/de\/#organization"},"potentialAction":[{"@type":"SearchAction","target":{"@type":"EntryPoint","urlTemplate":"https:\/\/www.lafruitiere.com\/de\/?s={search_term_string}"},"query-input":{"@type":"PropertyValueSpecification","valueRequired":true,"valueName":"search_term_string"}}],"inLanguage":"de"},{"@type":"Organization","@id":"https:\/\/www.lafruitiere.com\/de\/#organization","name":"La Fruiti\u00e8re du Val Evel","url":"https:\/\/www.lafruitiere.com\/de\/","logo":{"@type":"ImageObject","inLanguage":"de","@id":"https:\/\/www.lafruitiere.com\/de\/#\/schema\/logo\/image\/","url":"https:\/\/www.lafruitiere.com\/wp-content\/uploads\/2020\/08\/logo-lafruitiere-2017.png","contentUrl":"https:\/\/www.lafruitiere.com\/wp-content\/uploads\/2020\/08\/logo-lafruitiere-2017.png","width":232,"height":138,"caption":"La Fruiti\u00e8re du Val Evel"},"image":{"@id":"https:\/\/www.lafruitiere.com\/de\/#\/schema\/logo\/image\/"},"sameAs":["https:\/\/www.facebook.com\/lafruitiere.du.val.evel\/","https:\/\/x.com\/la_fruitiere","https:\/\/www.instagram.com\/la.fruitiere\/?hl=fr","https:\/\/fr.linkedin.com\/company\/la-fruiti\u00e8re-du-val-evel","https:\/\/www.pinterest.fr\/la_fruitiere\/","https:\/\/www.youtube.com\/channel\/UCpwUIbz8Dl2cPKTIn8EgSAQ"]}]}},"_links":{"self":[{"href":"https:\/\/www.lafruitiere.com\/de\/wp-json\/wp\/v2\/pages\/670","targetHints":{"allow":["GET"]}}],"collection":[{"href":"https:\/\/www.lafruitiere.com\/de\/wp-json\/wp\/v2\/pages"}],"about":[{"href":"https:\/\/www.lafruitiere.com\/de\/wp-json\/wp\/v2\/types\/page"}],"author":[{"embeddable":true,"href":"https:\/\/www.lafruitiere.com\/de\/wp-json\/wp\/v2\/users\/1"}],"replies":[{"embeddable":true,"href":"https:\/\/www.lafruitiere.com\/de\/wp-json\/wp\/v2\/comments?post=670"}],"version-history":[{"count":6,"href":"https:\/\/www.lafruitiere.com\/de\/wp-json\/wp\/v2\/pages\/670\/revisions"}],"predecessor-version":[{"id":1744,"href":"https:\/\/www.lafruitiere.com\/de\/wp-json\/wp\/v2\/pages\/670\/revisions\/1744"}],"wp:attachment":[{"href":"https:\/\/www.lafruitiere.com\/de\/wp-json\/wp\/v2\/media?parent=670"}],"curies":[{"name":"wp","href":"https:\/\/api.w.org\/{rel}","templated":true}]}}